{"id":522,"date":"2024-04-04T10:11:55","date_gmt":"2024-04-04T14:11:55","guid":{"rendered":"https:\/\/www.riversidemtl.com\/?page_id=522"},"modified":"2024-05-01T11:37:59","modified_gmt":"2024-05-01T15:37:59","slug":"mariages","status":"publish","type":"page","link":"https:\/\/www.riversidemtl.com\/fr\/mariages\/","title":{"rendered":"Mariages"},"content":{"rendered":"","protected":false},"excerpt":{"rendered":"","protected":false},"author":1,"featured_media":0,"parent":0,"menu_order":5,"comment_status":"closed","ping_status":"closed","template":"page-templates\/services-single3.php","meta":{"_acf_changed":false,"footnotes":""},"class_list":["post-522","page","type-page","status-publish","hentry"],"acf":[],"yoast_head":"<!-- This site is optimized with the Yoast SEO plugin v23.4 - https:\/\/yoast.com\/wordpress\/plugins\/seo\/ -->\n<title>Outdoor Wedding Venue | Montreal Restaurant for Wedding | Riverside<\/title>\n<meta name=\"description\" content=\"Outdoor Wedding Venue and Restaurant for Wedding Reception in Montreal. Qu\u2019il s\u2019agisse de mariages \u00e0 petite ou \u00e0 grande \u00e9chelle, nous sommes pr\u00eats \u00e0 rendre votre journ\u00e9e de mariage aussi sp\u00e9ciale que possible.\" \/>\n<meta name=\"robots\" content=\"index, follow, max-snippet:-1, max-image-preview:large, max-video-preview:-1\" \/>\n<link rel=\"canonical\" href=\"https:\/\/www.riversidemtl.com\/fr\/mariages\/\" \/>\n<meta property=\"og:locale\" content=\"fr_FR\" \/>\n<meta property=\"og:type\" content=\"article\" \/>\n<meta property=\"og:title\" content=\"Outdoor Wedding Venue | Montreal Restaurant for Wedding | Riverside\" \/>\n<meta property=\"og:description\" content=\"Outdoor Wedding Venue and Restaurant for Wedding Reception in Montreal. Qu\u2019il s\u2019agisse de mariages \u00e0 petite ou \u00e0 grande \u00e9chelle, nous sommes pr\u00eats \u00e0 rendre votre journ\u00e9e de mariage aussi sp\u00e9ciale que possible.\" \/>\n<meta property=\"og:url\" content=\"https:\/\/www.riversidemtl.com\/fr\/mariages\/\" \/>\n<meta property=\"og:site_name\" content=\"RIVERSIDE MTL\" \/>\n<meta property=\"article:modified_time\" content=\"2024-05-01T15:37:59+00:00\" \/>\n<meta name=\"twitter:card\" content=\"summary_large_image\" \/>\n<script type=\"application\/ld+json\" class=\"yoast-schema-graph\">{\"@context\":\"https:\/\/schema.org\",\"@graph\":[{\"@type\":\"WebPage\",\"@id\":\"https:\/\/www.riversidemtl.com\/fr\/mariages\/\",\"url\":\"https:\/\/www.riversidemtl.com\/fr\/mariages\/\",\"name\":\"Outdoor Wedding Venue | Montreal Restaurant for Wedding | Riverside\",\"isPartOf\":{\"@id\":\"https:\/\/www.riversidemtl.com\/#website\"},\"datePublished\":\"2024-04-04T14:11:55+00:00\",\"dateModified\":\"2024-05-01T15:37:59+00:00\",\"description\":\"Outdoor Wedding Venue and Restaurant for Wedding Reception in Montreal. Qu\u2019il s\u2019agisse de mariages \u00e0 petite ou \u00e0 grande \u00e9chelle, nous sommes pr\u00eats \u00e0 rendre votre journ\u00e9e de mariage aussi sp\u00e9ciale que possible.\",\"breadcrumb\":{\"@id\":\"https:\/\/www.riversidemtl.com\/fr\/mariages\/#breadcrumb\"},\"inLanguage\":\"fr-FR\",\"potentialAction\":[{\"@type\":\"ReadAction\",\"target\":[\"https:\/\/www.riversidemtl.com\/fr\/mariages\/\"]}]},{\"@type\":\"BreadcrumbList\",\"@id\":\"https:\/\/www.riversidemtl.com\/fr\/mariages\/#breadcrumb\",\"itemListElement\":[{\"@type\":\"ListItem\",\"position\":1,\"name\":\"Home\",\"item\":\"https:\/\/www.riversidemtl.com\/fr\/\"},{\"@type\":\"ListItem\",\"position\":2,\"name\":\"Mariages\"}]},{\"@type\":\"WebSite\",\"@id\":\"https:\/\/www.riversidemtl.com\/#website\",\"url\":\"https:\/\/www.riversidemtl.com\/\",\"name\":\"RIVERSIDE MTL\",\"description\":\"Bar and terrasse in St-Henri\",\"potentialAction\":[{\"@type\":\"SearchAction\",\"target\":{\"@type\":\"EntryPoint\",\"urlTemplate\":\"https:\/\/www.riversidemtl.com\/?s={search_term_string}\"},\"query-input\":{\"@type\":\"PropertyValueSpecification\",\"valueRequired\":true,\"valueName\":\"search_term_string\"}}],\"inLanguage\":\"fr-FR\"}]}<\/script>\n<!-- \/ Yoast SEO plugin. -->","yoast_head_json":{"title":"Outdoor Wedding Venue | Montreal Restaurant for Wedding | Riverside","description":"Outdoor Wedding Venue and Restaurant for Wedding Reception in Montreal. Qu\u2019il s\u2019agisse de mariages \u00e0 petite ou \u00e0 grande \u00e9chelle, nous sommes pr\u00eats \u00e0 rendre votre journ\u00e9e de mariage aussi sp\u00e9ciale que possible.","robots":{"index":"index","follow":"follow","max-snippet":"max-snippet:-1","max-image-preview":"max-image-preview:large","max-video-preview":"max-video-preview:-1"},"canonical":"https:\/\/www.riversidemtl.com\/fr\/mariages\/","og_locale":"fr_FR","og_type":"article","og_title":"Outdoor Wedding Venue | Montreal Restaurant for Wedding | Riverside","og_description":"Outdoor Wedding Venue and Restaurant for Wedding Reception in Montreal. Qu\u2019il s\u2019agisse de mariages \u00e0 petite ou \u00e0 grande \u00e9chelle, nous sommes pr\u00eats \u00e0 rendre votre journ\u00e9e de mariage aussi sp\u00e9ciale que possible.","og_url":"https:\/\/www.riversidemtl.com\/fr\/mariages\/","og_site_name":"RIVERSIDE MTL","article_modified_time":"2024-05-01T15:37:59+00:00","twitter_card":"summary_large_image","schema":{"@context":"https:\/\/schema.org","@graph":[{"@type":"WebPage","@id":"https:\/\/www.riversidemtl.com\/fr\/mariages\/","url":"https:\/\/www.riversidemtl.com\/fr\/mariages\/","name":"Outdoor Wedding Venue | Montreal Restaurant for Wedding | Riverside","isPartOf":{"@id":"https:\/\/www.riversidemtl.com\/#website"},"datePublished":"2024-04-04T14:11:55+00:00","dateModified":"2024-05-01T15:37:59+00:00","description":"Outdoor Wedding Venue and Restaurant for Wedding Reception in Montreal. Qu\u2019il s\u2019agisse de mariages \u00e0 petite ou \u00e0 grande \u00e9chelle, nous sommes pr\u00eats \u00e0 rendre votre journ\u00e9e de mariage aussi sp\u00e9ciale que possible.","breadcrumb":{"@id":"https:\/\/www.riversidemtl.com\/fr\/mariages\/#breadcrumb"},"inLanguage":"fr-FR","potentialAction":[{"@type":"ReadAction","target":["https:\/\/www.riversidemtl.com\/fr\/mariages\/"]}]},{"@type":"BreadcrumbList","@id":"https:\/\/www.riversidemtl.com\/fr\/mariages\/#breadcrumb","itemListElement":[{"@type":"ListItem","position":1,"name":"Home","item":"https:\/\/www.riversidemtl.com\/fr\/"},{"@type":"ListItem","position":2,"name":"Mariages"}]},{"@type":"WebSite","@id":"https:\/\/www.riversidemtl.com\/#website","url":"https:\/\/www.riversidemtl.com\/","name":"RIVERSIDE MTL","description":"Bar and terrasse in St-Henri","potentialAction":[{"@type":"SearchAction","target":{"@type":"EntryPoint","urlTemplate":"https:\/\/www.riversidemtl.com\/?s={search_term_string}"},"query-input":{"@type":"PropertyValueSpecification","valueRequired":true,"valueName":"search_term_string"}}],"inLanguage":"fr-FR"}]}},"_links":{"self":[{"href":"https:\/\/www.riversidemtl.com\/fr\/wp-json\/wp\/v2\/pages\/522","targetHints":{"allow":["GET"]}}],"collection":[{"href":"https:\/\/www.riversidemtl.com\/fr\/wp-json\/wp\/v2\/pages"}],"about":[{"href":"https:\/\/www.riversidemtl.com\/fr\/wp-json\/wp\/v2\/types\/page"}],"author":[{"embeddable":true,"href":"https:\/\/www.riversidemtl.com\/fr\/wp-json\/wp\/v2\/users\/1"}],"replies":[{"embeddable":true,"href":"https:\/\/www.riversidemtl.com\/fr\/wp-json\/wp\/v2\/comments?post=522"}],"version-history":[{"count":9,"href":"https:\/\/www.riversidemtl.com\/fr\/wp-json\/wp\/v2\/pages\/522\/revisions"}],"predecessor-version":[{"id":1550,"href":"https:\/\/www.riversidemtl.com\/fr\/wp-json\/wp\/v2\/pages\/522\/revisions\/1550"}],"wp:attachment":[{"href":"https:\/\/www.riversidemtl.com\/fr\/wp-json\/wp\/v2\/media?parent=522"}],"curies":[{"name":"wp","href":"https:\/\/api.w.org\/{rel}","templated":true}]}}